{"id":582,"date":"2018-02-08T09:42:19","date_gmt":"2018-02-08T09:42:19","guid":{"rendered":"https:\/\/pinturasmagdaleno.es\/pintores-sierra-madrid\/?page_id=582"},"modified":"2018-05-30T06:36:26","modified_gmt":"2018-05-30T06:36:26","slug":"quienes-somos","status":"publish","type":"page","link":"https:\/\/pinturasmagdaleno.es\/pintores-sierra-madrid\/quienes-somos\/","title":{"rendered":"Qui\u00e9nes Somos"},"content":{"rendered":"\t\t<div data-elementor-type=\"wp-page\" data-elementor-id=\"582\" class=\"elementor elementor-582 elementor-bc-flex-widget\">\n\t\t\t\t\t\t<section class=\"elementor-section elementor-top-section elementor-element elementor-element-7eed230 elementor-section-boxed elementor-section-height-default elementor-section-height-default\" data-id=\"7eed230\" data-element_type=\"section\" data-e-type=\"section\">\n\t\t\t\t\t\t<div class=\"elementor-container elementor-column-gap-default\">\n\t\t\t\t\t<div class=\"elementor-column elementor-col-100 elementor-top-column elementor-element elementor-element-32c8a43\" data-id=\"32c8a43\" data-element_type=\"column\" data-e-type=\"column\">\n\t\t\t<div class=\"elementor-widget-wrap elementor-element-populated\">\n\t\t\t\t\t\t<div class=\"elementor-element elementor-element-4631f65 elementor-widget elementor-widget-text-editor\" data-id=\"4631f65\" data-element_type=\"widget\" data-e-type=\"widget\" data-widget_type=\"text-editor.default\">\n\t\t\t\t<div class=\"elementor-widget-container\">\n\t\t\t\t\t\t\t\t\t<h5 style=\"text-align: center;\">Somos una empresa profesional, peque\u00f1a y familiar con 34 a\u00f1os de experiencia que ha sido trasladada de generaci\u00f3n en generaci\u00f3n.<\/h5>\t\t\t\t\t\t\t\t<\/div>\n\t\t\t\t<\/div>\n\t\t\t\t\t<\/div>\n\t\t<\/div>\n\t\t\t\t\t<\/div>\n\t\t<\/section>\n\t\t\t\t<section class=\"elementor-section elementor-top-section elementor-element elementor-element-e6afccf elementor-section-stretched elementor-section-boxed elementor-section-height-default elementor-section-height-default\" data-id=\"e6afccf\" data-element_type=\"section\" data-e-type=\"section\" data-settings=\"{&quot;stretch_section&quot;:&quot;section-stretched&quot;}\">\n\t\t\t\t\t\t<div class=\"elementor-container elementor-column-gap-default\">\n\t\t\t\t\t<div class=\"elementor-column elementor-col-33 elementor-top-column elementor-element elementor-element-c71f833\" data-id=\"c71f833\" data-element_type=\"column\" data-e-type=\"column\">\n\t\t\t<div class=\"elementor-widget-wrap elementor-element-populated\">\n\t\t\t\t\t\t<div class=\"elementor-element elementor-element-6f856b9 elementor-widget elementor-widget-heading\" data-id=\"6f856b9\" data-element_type=\"widget\" data-e-type=\"widget\" data-widget_type=\"heading.default\">\n\t\t\t\t<div class=\"elementor-widget-container\">\n\t\t\t\t\t<h4 class=\"elementor-heading-title elementor-size-default\">FILOSOF\u00cdA<\/h4>\t\t\t\t<\/div>\n\t\t\t\t<\/div>\n\t\t\t\t<div class=\"elementor-element elementor-element-c50b472 elementor-widget elementor-widget-text-editor\" data-id=\"c50b472\" data-element_type=\"widget\" data-e-type=\"widget\" data-widget_type=\"text-editor.default\">\n\t\t\t\t<div class=\"elementor-widget-container\">\n\t\t\t\t\t\t\t\t\t<p style=\"text-align: center;\">Nuestra filosof\u00eda consiste en una relaci\u00f3n cercana con el cliente, en la que por encima de todo predominaran sus intereses.<\/p>\t\t\t\t\t\t\t\t<\/div>\n\t\t\t\t<\/div>\n\t\t\t\t\t<\/div>\n\t\t<\/div>\n\t\t\t\t<div class=\"elementor-column elementor-col-33 elementor-top-column elementor-element elementor-element-a5d564e\" data-id=\"a5d564e\" data-element_type=\"column\" data-e-type=\"column\">\n\t\t\t<div class=\"elementor-widget-wrap elementor-element-populated\">\n\t\t\t\t\t\t<div class=\"elementor-element elementor-element-9a3ed73 elementor-widget elementor-widget-heading\" data-id=\"9a3ed73\" data-element_type=\"widget\" data-e-type=\"widget\" data-widget_type=\"heading.default\">\n\t\t\t\t<div class=\"elementor-widget-container\">\n\t\t\t\t\t<h4 class=\"elementor-heading-title elementor-size-default\">OBJETIVO<\/h4>\t\t\t\t<\/div>\n\t\t\t\t<\/div>\n\t\t\t\t<div class=\"elementor-element elementor-element-861f700 elementor-widget elementor-widget-text-editor\" data-id=\"861f700\" data-element_type=\"widget\" data-e-type=\"widget\" data-widget_type=\"text-editor.default\">\n\t\t\t\t<div class=\"elementor-widget-container\">\n\t\t\t\t\t\t\t\t\t<p style=\"text-align: center;\">Nuestro objetivo es pintar o decorar sus viviendas y que dichos due\u00f1os queden realmente satisfechos adecu\u00e1ndonos siempre a sus necesidades.<\/p>\t\t\t\t\t\t\t\t<\/div>\n\t\t\t\t<\/div>\n\t\t\t\t\t<\/div>\n\t\t<\/div>\n\t\t\t\t<div class=\"elementor-column elementor-col-33 elementor-top-column elementor-element elementor-element-ffbcc1c\" data-id=\"ffbcc1c\" data-element_type=\"column\" data-e-type=\"column\">\n\t\t\t<div class=\"elementor-widget-wrap elementor-element-populated\">\n\t\t\t\t\t\t<div class=\"elementor-element elementor-element-82efbee elementor-widget elementor-widget-heading\" data-id=\"82efbee\" data-element_type=\"widget\" data-e-type=\"widget\" data-widget_type=\"heading.default\">\n\t\t\t\t<div class=\"elementor-widget-container\">\n\t\t\t\t\t<h4 class=\"elementor-heading-title elementor-size-default\">PRESUPUESTO<\/h4>\t\t\t\t<\/div>\n\t\t\t\t<\/div>\n\t\t\t\t<div class=\"elementor-element elementor-element-b72bf2c elementor-widget elementor-widget-text-editor\" data-id=\"b72bf2c\" data-element_type=\"widget\" data-e-type=\"widget\" data-widget_type=\"text-editor.default\">\n\t\t\t\t<div class=\"elementor-widget-container\">\n\t\t\t\t\t\t\t\t\t<p style=\"text-align: center;\">Se puede pedir presupuesto sin compromiso, llevamos a cabo nuestro trabajo por toda la Comunidad de Madrid, especialmente la zona norte.<\/p>\t\t\t\t\t\t\t\t<\/div>\n\t\t\t\t<\/div>\n\t\t\t\t\t<\/div>\n\t\t<\/div>\n\t\t\t\t\t<\/div>\n\t\t<\/section>\n\t\t\t\t<section class=\"elementor-section elementor-top-section elementor-element elementor-element-e484935 elementor-section-boxed elementor-section-height-default elementor-section-height-default\" data-id=\"e484935\" data-element_type=\"section\" data-e-type=\"section\">\n\t\t\t\t\t\t<div class=\"elementor-container elementor-column-gap-default\">\n\t\t\t\t\t<div class=\"elementor-column elementor-col-100 elementor-top-column elementor-element elementor-element-e8ea95c\" data-id=\"e8ea95c\" data-element_type=\"column\" data-e-type=\"column\">\n\t\t\t<div class=\"elementor-widget-wrap elementor-element-populated\">\n\t\t\t\t\t\t<div class=\"elementor-element elementor-element-ad37585 elementor-widget elementor-widget-text-editor\" data-id=\"ad37585\" data-element_type=\"widget\" data-e-type=\"widget\" data-widget_type=\"text-editor.default\">\n\t\t\t\t<div class=\"elementor-widget-container\">\n\t\t\t\t\t\t\t\t\t<h6 style=\"text-align: center;\">Contamos con un servicio de limpieza exclusivo, que podr\u00e1 solicitarse al finalizar el trabajo.<\/h6><h6 style=\"text-align: center;\">Trabajamos con todo tipo de pinturas.<\/h6><p>Si busca unos profesionales de la pintura en Madrid nosotros podemos ofrecerle un servicio profesional de pintores en la Sierra de madrid. Realizamos trabajos a toda la comunidad de Madrid, estamos ubicados en la sierra de Madrid por lo que damos un servicio experto de pintado de interiores y exteriores a toda la sierra norte, sierra este y sierra oeste de la Comunidad de madrid.<\/p><p>tambi\u00e9n trabajamos para otras partes de Espa\u00f1a, si tiene un trabajo de pintura no lo dude en pinturas Magdaleno podemos ofrecerle el mejor servicio profesional de pinturas en cualquier estilo y t\u00e9cnica ya que nuestra experiencia nos permite ofrecerle un servicio t\u00e9cnico de pintura profesional. Tanto si necesita un pintor o pintores somos su servicios profesional de pinturas.<\/p><p>\u00a0<\/p>\t\t\t\t\t\t\t\t<\/div>\n\t\t\t\t<\/div>\n\t\t\t\t\t<\/div>\n\t\t<\/div>\n\t\t\t\t\t<\/div>\n\t\t<\/section>\n\t\t\t\t<section class=\"elementor-section elementor-top-section elementor-element elementor-element-9d0ad13 elementor-section-boxed elementor-section-height-default elementor-section-height-default\" data-id=\"9d0ad13\" data-element_type=\"section\" data-e-type=\"section\">\n\t\t\t\t\t\t<div class=\"elementor-container elementor-column-gap-default\">\n\t\t\t\t\t<div class=\"elementor-column elementor-col-100 elementor-top-column elementor-element elementor-element-5407165\" data-id=\"5407165\" data-element_type=\"column\" data-e-type=\"column\">\n\t\t\t<div class=\"elementor-widget-wrap elementor-element-populated\">\n\t\t\t\t\t\t<div class=\"elementor-element elementor-element-2f0a82c elementor-widget elementor-widget-html\" data-id=\"2f0a82c\" data-element_type=\"widget\" data-e-type=\"widget\" data-widget_type=\"html.default\">\n\t\t\t\t<div class=\"elementor-widget-container\">\n\t\t\t\t\t<iframe src=\"https:\/\/www.google.com\/maps\/embed?pb=!1m10!1m8!1m3!1d12095.98731666298!2d-3.9211354!3d40.7180863!3m2!1i1024!2i768!4f13.1!5e0!3m2!1ses!2ses!4v1527661850448\" width=\"600\" height=\"450\" frameborder=\"0\" style=\"border:0\" allowfullscreen><\/iframe>\t\t\t\t<\/div>\n\t\t\t\t<\/div>\n\t\t\t\t\t<\/div>\n\t\t<\/div>\n\t\t\t\t\t<\/div>\n\t\t<\/section>\n\t\t\t\t<\/div>\n\t\t","protected":false},"excerpt":{"rendered":"<p>Somos una empresa profesional, peque\u00f1a y familiar con 34 a\u00f1os de experiencia que ha sido trasladada de generaci\u00f3n en generaci\u00f3n. FILOSOF\u00cdA Nuestra filosof\u00eda consiste en una relaci\u00f3n cercana con el cliente, en la que por [&hellip;]<\/p>\n","protected":false},"author":1,"featured_media":0,"parent":0,"menu_order":0,"comment_status":"closed","ping_status":"closed","template":"","meta":{"footnotes":""},"class_list":["post-582","page","type-page","status-publish","hentry"],"yoast_head":"<!-- This site is optimized with the Yoast SEO plugin v27.5 - https:\/\/yoast.com\/product\/yoast-seo-wordpress\/ -->\n<title>\u25b7 Pintores en la sierra madrile\u00f1a - Pintor en sierra Madrid Norte Sur Este<\/title>\n<meta name=\"description\" content=\"\u25b7 Somos una empresa profesional, peque\u00f1a y familiar con 34 a\u00f1os de experiencia que ha sido trasladada de generaci\u00f3n en generaci\u00f3n. Pintores expertos y profesionales \u25b7 Pintor en la sierra de Madrid Sierra norte Sierra Sur o Sierra oeste de la comunidad de Madrid. Econ\u00f3micos precio calidad y seriedad. Pintor en Madrid\" \/>\n<meta name=\"robots\" content=\"index, follow, max-snippet:-1, max-image-preview:large, max-video-preview:-1\" \/>\n<link rel=\"canonical\" href=\"https:\/\/pinturasmagdaleno.es\/pintores-sierra-madrid\/quienes-somos\/\" \/>\n<meta property=\"og:locale\" content=\"es_ES\" \/>\n<meta property=\"og:type\" content=\"article\" \/>\n<meta property=\"og:title\" content=\"\u25b7 Pintores en la sierra madrile\u00f1a - Pintor en sierra Madrid Norte Sur Este\" \/>\n<meta property=\"og:description\" content=\"\u25b7 Somos una empresa profesional, peque\u00f1a y familiar con 34 a\u00f1os de experiencia que ha sido trasladada de generaci\u00f3n en generaci\u00f3n. Pintores expertos y profesionales \u25b7 Pintor en la sierra de Madrid Sierra norte Sierra Sur o Sierra oeste de la comunidad de Madrid. Econ\u00f3micos precio calidad y seriedad. Pintor en Madrid\" \/>\n<meta property=\"og:url\" content=\"https:\/\/pinturasmagdaleno.es\/pintores-sierra-madrid\/quienes-somos\/\" \/>\n<meta property=\"og:site_name\" content=\"Pinturas Magdaleno\" \/>\n<meta property=\"article:publisher\" content=\"https:\/\/www.facebook.com\/manuel.magdaleno.12327\" \/>\n<meta property=\"article:modified_time\" content=\"2018-05-30T06:36:26+00:00\" \/>\n<meta name=\"twitter:card\" content=\"summary_large_image\" \/>\n<meta name=\"twitter:label1\" content=\"Tiempo de lectura\" \/>\n\t<meta name=\"twitter:data1\" content=\"1 minuto\" \/>\n<script type=\"application\/ld+json\" class=\"yoast-schema-graph\">{\"@context\":\"https:\\\/\\\/schema.org\",\"@graph\":[{\"@type\":\"WebPage\",\"@id\":\"https:\\\/\\\/pinturasmagdaleno.es\\\/pintores-sierra-madrid\\\/quienes-somos\\\/\",\"url\":\"https:\\\/\\\/pinturasmagdaleno.es\\\/pintores-sierra-madrid\\\/quienes-somos\\\/\",\"name\":\"\u25b7 Pintores en la sierra madrile\u00f1a - Pintor en sierra Madrid Norte Sur Este\",\"isPartOf\":{\"@id\":\"https:\\\/\\\/pinturasmagdaleno.es\\\/pintores-sierra-madrid\\\/#website\"},\"datePublished\":\"2018-02-08T09:42:19+00:00\",\"dateModified\":\"2018-05-30T06:36:26+00:00\",\"description\":\"\u25b7 Somos una empresa profesional, peque\u00f1a y familiar con 34 a\u00f1os de experiencia que ha sido trasladada de generaci\u00f3n en generaci\u00f3n. Pintores expertos y profesionales \u25b7 Pintor en la sierra de Madrid Sierra norte Sierra Sur o Sierra oeste de la comunidad de Madrid. Econ\u00f3micos precio calidad y seriedad. Pintor en Madrid\",\"breadcrumb\":{\"@id\":\"https:\\\/\\\/pinturasmagdaleno.es\\\/pintores-sierra-madrid\\\/quienes-somos\\\/#breadcrumb\"},\"inLanguage\":\"es\",\"potentialAction\":[{\"@type\":\"ReadAction\",\"target\":[\"https:\\\/\\\/pinturasmagdaleno.es\\\/pintores-sierra-madrid\\\/quienes-somos\\\/\"]}]},{\"@type\":\"BreadcrumbList\",\"@id\":\"https:\\\/\\\/pinturasmagdaleno.es\\\/pintores-sierra-madrid\\\/quienes-somos\\\/#breadcrumb\",\"itemListElement\":[{\"@type\":\"ListItem\",\"position\":1,\"name\":\"Portada\",\"item\":\"https:\\\/\\\/pinturasmagdaleno.es\\\/pintores-sierra-madrid\\\/\"},{\"@type\":\"ListItem\",\"position\":2,\"name\":\"Qui\u00e9nes Somos\"}]},{\"@type\":\"WebSite\",\"@id\":\"https:\\\/\\\/pinturasmagdaleno.es\\\/pintores-sierra-madrid\\\/#website\",\"url\":\"https:\\\/\\\/pinturasmagdaleno.es\\\/pintores-sierra-madrid\\\/\",\"name\":\"Pinturas Magdaleno\",\"description\":\"Pintores sierra de Madrid\",\"publisher\":{\"@id\":\"https:\\\/\\\/pinturasmagdaleno.es\\\/pintores-sierra-madrid\\\/#organization\"},\"potentialAction\":[{\"@type\":\"SearchAction\",\"target\":{\"@type\":\"EntryPoint\",\"urlTemplate\":\"https:\\\/\\\/pinturasmagdaleno.es\\\/pintores-sierra-madrid\\\/?s={search_term_string}\"},\"query-input\":{\"@type\":\"PropertyValueSpecification\",\"valueRequired\":true,\"valueName\":\"search_term_string\"}}],\"inLanguage\":\"es\"},{\"@type\":\"Organization\",\"@id\":\"https:\\\/\\\/pinturasmagdaleno.es\\\/pintores-sierra-madrid\\\/#organization\",\"name\":\"Pinturas Madrid Sierra Norte Este Oeste\",\"url\":\"https:\\\/\\\/pinturasmagdaleno.es\\\/pintores-sierra-madrid\\\/\",\"logo\":{\"@type\":\"ImageObject\",\"inLanguage\":\"es\",\"@id\":\"https:\\\/\\\/pinturasmagdaleno.es\\\/pintores-sierra-madrid\\\/#\\\/schema\\\/logo\\\/image\\\/\",\"url\":\"https:\\\/\\\/pinturasmagdaleno.es\\\/pintores-sierra-madrid\\\/wp-content\\\/uploads\\\/2018\\\/02\\\/pinturas-magdaleno-madrid.png\",\"contentUrl\":\"https:\\\/\\\/pinturasmagdaleno.es\\\/pintores-sierra-madrid\\\/wp-content\\\/uploads\\\/2018\\\/02\\\/pinturas-magdaleno-madrid.png\",\"width\":190,\"height\":57,\"caption\":\"Pinturas Madrid Sierra Norte Este Oeste\"},\"image\":{\"@id\":\"https:\\\/\\\/pinturasmagdaleno.es\\\/pintores-sierra-madrid\\\/#\\\/schema\\\/logo\\\/image\\\/\"},\"sameAs\":[\"https:\\\/\\\/www.facebook.com\\\/manuel.magdaleno.12327\",\"https:\\\/\\\/www.instagram.com\\\/pinturasmagdaleno\\\/\"]}]}<\/script>\n<!-- \/ Yoast SEO plugin. -->","yoast_head_json":{"title":"\u25b7 Pintores en la sierra madrile\u00f1a - Pintor en sierra Madrid Norte Sur Este","description":"\u25b7 Somos una empresa profesional, peque\u00f1a y familiar con 34 a\u00f1os de experiencia que ha sido trasladada de generaci\u00f3n en generaci\u00f3n. Pintores expertos y profesionales \u25b7 Pintor en la sierra de Madrid Sierra norte Sierra Sur o Sierra oeste de la comunidad de Madrid. Econ\u00f3micos precio calidad y seriedad. Pintor en Madrid","robots":{"index":"index","follow":"follow","max-snippet":"max-snippet:-1","max-image-preview":"max-image-preview:large","max-video-preview":"max-video-preview:-1"},"canonical":"https:\/\/pinturasmagdaleno.es\/pintores-sierra-madrid\/quienes-somos\/","og_locale":"es_ES","og_type":"article","og_title":"\u25b7 Pintores en la sierra madrile\u00f1a - Pintor en sierra Madrid Norte Sur Este","og_description":"\u25b7 Somos una empresa profesional, peque\u00f1a y familiar con 34 a\u00f1os de experiencia que ha sido trasladada de generaci\u00f3n en generaci\u00f3n. Pintores expertos y profesionales \u25b7 Pintor en la sierra de Madrid Sierra norte Sierra Sur o Sierra oeste de la comunidad de Madrid. Econ\u00f3micos precio calidad y seriedad. Pintor en Madrid","og_url":"https:\/\/pinturasmagdaleno.es\/pintores-sierra-madrid\/quienes-somos\/","og_site_name":"Pinturas Magdaleno","article_publisher":"https:\/\/www.facebook.com\/manuel.magdaleno.12327","article_modified_time":"2018-05-30T06:36:26+00:00","twitter_card":"summary_large_image","twitter_misc":{"Tiempo de lectura":"1 minuto"},"schema":{"@context":"https:\/\/schema.org","@graph":[{"@type":"WebPage","@id":"https:\/\/pinturasmagdaleno.es\/pintores-sierra-madrid\/quienes-somos\/","url":"https:\/\/pinturasmagdaleno.es\/pintores-sierra-madrid\/quienes-somos\/","name":"\u25b7 Pintores en la sierra madrile\u00f1a - Pintor en sierra Madrid Norte Sur Este","isPartOf":{"@id":"https:\/\/pinturasmagdaleno.es\/pintores-sierra-madrid\/#website"},"datePublished":"2018-02-08T09:42:19+00:00","dateModified":"2018-05-30T06:36:26+00:00","description":"\u25b7 Somos una empresa profesional, peque\u00f1a y familiar con 34 a\u00f1os de experiencia que ha sido trasladada de generaci\u00f3n en generaci\u00f3n. Pintores expertos y profesionales \u25b7 Pintor en la sierra de Madrid Sierra norte Sierra Sur o Sierra oeste de la comunidad de Madrid. Econ\u00f3micos precio calidad y seriedad. Pintor en Madrid","breadcrumb":{"@id":"https:\/\/pinturasmagdaleno.es\/pintores-sierra-madrid\/quienes-somos\/#breadcrumb"},"inLanguage":"es","potentialAction":[{"@type":"ReadAction","target":["https:\/\/pinturasmagdaleno.es\/pintores-sierra-madrid\/quienes-somos\/"]}]},{"@type":"BreadcrumbList","@id":"https:\/\/pinturasmagdaleno.es\/pintores-sierra-madrid\/quienes-somos\/#breadcrumb","itemListElement":[{"@type":"ListItem","position":1,"name":"Portada","item":"https:\/\/pinturasmagdaleno.es\/pintores-sierra-madrid\/"},{"@type":"ListItem","position":2,"name":"Qui\u00e9nes Somos"}]},{"@type":"WebSite","@id":"https:\/\/pinturasmagdaleno.es\/pintores-sierra-madrid\/#website","url":"https:\/\/pinturasmagdaleno.es\/pintores-sierra-madrid\/","name":"Pinturas Magdaleno","description":"Pintores sierra de Madrid","publisher":{"@id":"https:\/\/pinturasmagdaleno.es\/pintores-sierra-madrid\/#organization"},"potentialAction":[{"@type":"SearchAction","target":{"@type":"EntryPoint","urlTemplate":"https:\/\/pinturasmagdaleno.es\/pintores-sierra-madrid\/?s={search_term_string}"},"query-input":{"@type":"PropertyValueSpecification","valueRequired":true,"valueName":"search_term_string"}}],"inLanguage":"es"},{"@type":"Organization","@id":"https:\/\/pinturasmagdaleno.es\/pintores-sierra-madrid\/#organization","name":"Pinturas Madrid Sierra Norte Este Oeste","url":"https:\/\/pinturasmagdaleno.es\/pintores-sierra-madrid\/","logo":{"@type":"ImageObject","inLanguage":"es","@id":"https:\/\/pinturasmagdaleno.es\/pintores-sierra-madrid\/#\/schema\/logo\/image\/","url":"https:\/\/pinturasmagdaleno.es\/pintores-sierra-madrid\/wp-content\/uploads\/2018\/02\/pinturas-magdaleno-madrid.png","contentUrl":"https:\/\/pinturasmagdaleno.es\/pintores-sierra-madrid\/wp-content\/uploads\/2018\/02\/pinturas-magdaleno-madrid.png","width":190,"height":57,"caption":"Pinturas Madrid Sierra Norte Este Oeste"},"image":{"@id":"https:\/\/pinturasmagdaleno.es\/pintores-sierra-madrid\/#\/schema\/logo\/image\/"},"sameAs":["https:\/\/www.facebook.com\/manuel.magdaleno.12327","https:\/\/www.instagram.com\/pinturasmagdaleno\/"]}]}},"_links":{"self":[{"href":"https:\/\/pinturasmagdaleno.es\/pintores-sierra-madrid\/wp-json\/wp\/v2\/pages\/582","targetHints":{"allow":["GET"]}}],"collection":[{"href":"https:\/\/pinturasmagdaleno.es\/pintores-sierra-madrid\/wp-json\/wp\/v2\/pages"}],"about":[{"href":"https:\/\/pinturasmagdaleno.es\/pintores-sierra-madrid\/wp-json\/wp\/v2\/types\/page"}],"author":[{"embeddable":true,"href":"https:\/\/pinturasmagdaleno.es\/pintores-sierra-madrid\/wp-json\/wp\/v2\/users\/1"}],"replies":[{"embeddable":true,"href":"https:\/\/pinturasmagdaleno.es\/pintores-sierra-madrid\/wp-json\/wp\/v2\/comments?post=582"}],"version-history":[{"count":4,"href":"https:\/\/pinturasmagdaleno.es\/pintores-sierra-madrid\/wp-json\/wp\/v2\/pages\/582\/revisions"}],"predecessor-version":[{"id":726,"href":"https:\/\/pinturasmagdaleno.es\/pintores-sierra-madrid\/wp-json\/wp\/v2\/pages\/582\/revisions\/726"}],"wp:attachment":[{"href":"https:\/\/pinturasmagdaleno.es\/pintores-sierra-madrid\/wp-json\/wp\/v2\/media?parent=582"}],"curies":[{"name":"wp","href":"https:\/\/api.w.org\/{rel}","templated":true}]}}