{"id":558,"date":"2018-02-08T09:09:57","date_gmt":"2018-02-08T09:09:57","guid":{"rendered":"https:\/\/pinturasmagdaleno.es\/pintores-sierra-madrid\/?page_id=558"},"modified":"2018-05-25T08:56:23","modified_gmt":"2018-05-25T08:56:23","slug":"servicios","status":"publish","type":"page","link":"https:\/\/pinturasmagdaleno.es\/pintores-sierra-madrid\/servicios\/","title":{"rendered":"Servicios"},"content":{"rendered":"\t\t<div data-elementor-type=\"wp-page\" data-elementor-id=\"558\" class=\"elementor elementor-558 elementor-bc-flex-widget\">\n\t\t\t\t\t\t<section class=\"elementor-section elementor-top-section elementor-element elementor-element-790e64b elementor-section-boxed elementor-section-height-default elementor-section-height-default\" data-id=\"790e64b\" data-element_type=\"section\" data-e-type=\"section\">\n\t\t\t\t\t\t<div class=\"elementor-container elementor-column-gap-default\">\n\t\t\t\t\t<div class=\"elementor-column elementor-col-100 elementor-top-column elementor-element elementor-element-f3caa34\" data-id=\"f3caa34\" data-element_type=\"column\" data-e-type=\"column\">\n\t\t\t<div class=\"elementor-widget-wrap elementor-element-populated\">\n\t\t\t\t\t\t<div class=\"elementor-element elementor-element-d493efe elementor-widget elementor-widget-text-editor\" data-id=\"d493efe\" data-element_type=\"widget\" data-e-type=\"widget\" data-widget_type=\"text-editor.default\">\n\t\t\t\t<div class=\"elementor-widget-container\">\n\t\t\t\t\t\t\t\t\t<h5 style=\"text-align: center;\">Atendemos tanto a Particulares, Comunidades de Propietarios y constructoras.<\/h5><h6 style=\"text-align: center;\">Empleamos t\u00e9cnicas modernas que agilizan los trabajos y permiten acabados perfectos.<\/h6><p style=\"text-align: justify;\">En gota (tambi\u00e9n se realizan alisados), en estuco, en liso, tierras florentinas, osaca, esmaltado de puertas, colocaci\u00f3n de papel decorativo y pintura de exteriores, contamos con una gran variedad de maquinaria.<\/p>\t\t\t\t\t\t\t\t<\/div>\n\t\t\t\t<\/div>\n\t\t\t\t\t<\/div>\n\t\t<\/div>\n\t\t\t\t\t<\/div>\n\t\t<\/section>\n\t\t\t\t<section class=\"elementor-section elementor-top-section elementor-element elementor-element-6573e1f elementor-section-boxed elementor-section-height-default elementor-section-height-default\" data-id=\"6573e1f\" data-element_type=\"section\" data-e-type=\"section\">\n\t\t\t\t\t\t<div class=\"elementor-container elementor-column-gap-default\">\n\t\t\t\t\t<div class=\"elementor-column elementor-col-25 elementor-top-column elementor-element elementor-element-745de6e\" data-id=\"745de6e\" data-element_type=\"column\" data-e-type=\"column\">\n\t\t\t<div class=\"elementor-widget-wrap elementor-element-populated\">\n\t\t\t\t\t\t<div class=\"elementor-element elementor-element-12d0d74 elementor-widget elementor-widget-image\" data-id=\"12d0d74\" data-element_type=\"widget\" data-e-type=\"widget\" data-widget_type=\"image.default\">\n\t\t\t\t<div class=\"elementor-widget-container\">\n\t\t\t\t\t\t\t\t\t\t\t\t\t\t\t<img decoding=\"async\" width=\"200\" height=\"200\" src=\"https:\/\/pinturasmagdaleno.es\/pintores-sierra-madrid\/wp-content\/uploads\/2018\/02\/pintura-pintores-madrid-magdaleno.jpg\" class=\"attachment-full size-full wp-image-591\" alt=\"pintor calidad Madrid\" srcset=\"https:\/\/pinturasmagdaleno.es\/pintores-sierra-madrid\/wp-content\/uploads\/2018\/02\/pintura-pintores-madrid-magdaleno.jpg 200w, https:\/\/pinturasmagdaleno.es\/pintores-sierra-madrid\/wp-content\/uploads\/2018\/02\/pintura-pintores-madrid-magdaleno-100x100.jpg 100w, https:\/\/pinturasmagdaleno.es\/pintores-sierra-madrid\/wp-content\/uploads\/2018\/02\/pintura-pintores-madrid-magdaleno-80x80.jpg 80w\" sizes=\"(max-width: 200px) 100vw, 200px\" \/>\t\t\t\t\t\t\t\t\t\t\t\t\t\t\t<\/div>\n\t\t\t\t<\/div>\n\t\t\t\t\t<\/div>\n\t\t<\/div>\n\t\t\t\t<div class=\"elementor-column elementor-col-25 elementor-top-column elementor-element elementor-element-0cf22cc\" data-id=\"0cf22cc\" data-element_type=\"column\" data-e-type=\"column\">\n\t\t\t<div class=\"elementor-widget-wrap elementor-element-populated\">\n\t\t\t\t\t\t<div class=\"elementor-element elementor-element-1a54c8e elementor-widget elementor-widget-image\" data-id=\"1a54c8e\" data-element_type=\"widget\" data-e-type=\"widget\" data-widget_type=\"image.default\">\n\t\t\t\t<div class=\"elementor-widget-container\">\n\t\t\t\t\t\t\t\t\t\t\t\t\t\t\t<img decoding=\"async\" width=\"200\" height=\"200\" src=\"https:\/\/pinturasmagdaleno.es\/pintores-sierra-madrid\/wp-content\/uploads\/2018\/02\/pintores-magdaleno-madrid-norte.jpg\" class=\"attachment-full size-full wp-image-595\" alt=\"Pintores Madrid norte\" srcset=\"https:\/\/pinturasmagdaleno.es\/pintores-sierra-madrid\/wp-content\/uploads\/2018\/02\/pintores-magdaleno-madrid-norte.jpg 200w, https:\/\/pinturasmagdaleno.es\/pintores-sierra-madrid\/wp-content\/uploads\/2018\/02\/pintores-magdaleno-madrid-norte-100x100.jpg 100w, https:\/\/pinturasmagdaleno.es\/pintores-sierra-madrid\/wp-content\/uploads\/2018\/02\/pintores-magdaleno-madrid-norte-80x80.jpg 80w\" sizes=\"(max-width: 200px) 100vw, 200px\" \/>\t\t\t\t\t\t\t\t\t\t\t\t\t\t\t<\/div>\n\t\t\t\t<\/div>\n\t\t\t\t\t<\/div>\n\t\t<\/div>\n\t\t\t\t<div class=\"elementor-column elementor-col-25 elementor-top-column elementor-element elementor-element-0f8e715\" data-id=\"0f8e715\" data-element_type=\"column\" data-e-type=\"column\">\n\t\t\t<div class=\"elementor-widget-wrap elementor-element-populated\">\n\t\t\t\t\t\t<div class=\"elementor-element elementor-element-70a8c81 elementor-widget elementor-widget-image\" data-id=\"70a8c81\" data-element_type=\"widget\" data-e-type=\"widget\" data-widget_type=\"image.default\">\n\t\t\t\t<div class=\"elementor-widget-container\">\n\t\t\t\t\t\t\t\t\t\t\t\t\t\t\t<img decoding=\"async\" width=\"200\" height=\"200\" src=\"https:\/\/pinturasmagdaleno.es\/pintores-sierra-madrid\/wp-content\/uploads\/2018\/02\/pintura-paredes-madrid-norte.jpg\" class=\"attachment-full size-full wp-image-597\" alt=\"pintores Madrid norte\" srcset=\"https:\/\/pinturasmagdaleno.es\/pintores-sierra-madrid\/wp-content\/uploads\/2018\/02\/pintura-paredes-madrid-norte.jpg 200w, https:\/\/pinturasmagdaleno.es\/pintores-sierra-madrid\/wp-content\/uploads\/2018\/02\/pintura-paredes-madrid-norte-100x100.jpg 100w, https:\/\/pinturasmagdaleno.es\/pintores-sierra-madrid\/wp-content\/uploads\/2018\/02\/pintura-paredes-madrid-norte-80x80.jpg 80w\" sizes=\"(max-width: 200px) 100vw, 200px\" \/>\t\t\t\t\t\t\t\t\t\t\t\t\t\t\t<\/div>\n\t\t\t\t<\/div>\n\t\t\t\t\t<\/div>\n\t\t<\/div>\n\t\t\t\t<div class=\"elementor-column elementor-col-25 elementor-top-column elementor-element elementor-element-dd7e552\" data-id=\"dd7e552\" data-element_type=\"column\" data-e-type=\"column\">\n\t\t\t<div class=\"elementor-widget-wrap elementor-element-populated\">\n\t\t\t\t\t\t<div class=\"elementor-element elementor-element-a3e21b8 elementor-widget elementor-widget-image\" data-id=\"a3e21b8\" data-element_type=\"widget\" data-e-type=\"widget\" data-widget_type=\"image.default\">\n\t\t\t\t<div class=\"elementor-widget-container\">\n\t\t\t\t\t\t\t\t\t\t\t\t\t\t\t<img loading=\"lazy\" decoding=\"async\" width=\"200\" height=\"200\" src=\"https:\/\/pinturasmagdaleno.es\/pintores-sierra-madrid\/wp-content\/uploads\/2018\/02\/cenefas-pintadas-pared-pintores.jpg\" class=\"attachment-full size-full wp-image-594\" alt=\"Pintores en Madrid\" srcset=\"https:\/\/pinturasmagdaleno.es\/pintores-sierra-madrid\/wp-content\/uploads\/2018\/02\/cenefas-pintadas-pared-pintores.jpg 200w, https:\/\/pinturasmagdaleno.es\/pintores-sierra-madrid\/wp-content\/uploads\/2018\/02\/cenefas-pintadas-pared-pintores-100x100.jpg 100w, https:\/\/pinturasmagdaleno.es\/pintores-sierra-madrid\/wp-content\/uploads\/2018\/02\/cenefas-pintadas-pared-pintores-80x80.jpg 80w\" sizes=\"(max-width: 200px) 100vw, 200px\" \/>\t\t\t\t\t\t\t\t\t\t\t\t\t\t\t<\/div>\n\t\t\t\t<\/div>\n\t\t\t\t\t<\/div>\n\t\t<\/div>\n\t\t\t\t\t<\/div>\n\t\t<\/section>\n\t\t\t\t<section class=\"elementor-section elementor-top-section elementor-element elementor-element-d0bc475 elementor-section-boxed elementor-section-height-default elementor-section-height-default\" data-id=\"d0bc475\" data-element_type=\"section\" data-e-type=\"section\">\n\t\t\t\t\t\t<div class=\"elementor-container elementor-column-gap-default\">\n\t\t\t\t\t<div class=\"elementor-column elementor-col-25 elementor-top-column elementor-element elementor-element-0fa4c7a\" data-id=\"0fa4c7a\" data-element_type=\"column\" data-e-type=\"column\">\n\t\t\t<div class=\"elementor-widget-wrap elementor-element-populated\">\n\t\t\t\t\t\t<div class=\"elementor-element elementor-element-95ccc24 elementor-widget elementor-widget-image\" data-id=\"95ccc24\" data-element_type=\"widget\" data-e-type=\"widget\" data-widget_type=\"image.default\">\n\t\t\t\t<div class=\"elementor-widget-container\">\n\t\t\t\t\t\t\t\t\t\t\t\t\t\t\t<img loading=\"lazy\" decoding=\"async\" width=\"200\" height=\"200\" src=\"https:\/\/pinturasmagdaleno.es\/pintores-sierra-madrid\/wp-content\/uploads\/2018\/02\/pintores-zona-norte-madrid.jpg\" class=\"attachment-full size-full wp-image-599\" alt=\"pintor norte Madrid\" srcset=\"https:\/\/pinturasmagdaleno.es\/pintores-sierra-madrid\/wp-content\/uploads\/2018\/02\/pintores-zona-norte-madrid.jpg 200w, https:\/\/pinturasmagdaleno.es\/pintores-sierra-madrid\/wp-content\/uploads\/2018\/02\/pintores-zona-norte-madrid-100x100.jpg 100w, https:\/\/pinturasmagdaleno.es\/pintores-sierra-madrid\/wp-content\/uploads\/2018\/02\/pintores-zona-norte-madrid-80x80.jpg 80w\" sizes=\"(max-width: 200px) 100vw, 200px\" \/>\t\t\t\t\t\t\t\t\t\t\t\t\t\t\t<\/div>\n\t\t\t\t<\/div>\n\t\t\t\t\t<\/div>\n\t\t<\/div>\n\t\t\t\t<div class=\"elementor-column elementor-col-25 elementor-top-column elementor-element elementor-element-81ded5d\" data-id=\"81ded5d\" data-element_type=\"column\" data-e-type=\"column\">\n\t\t\t<div class=\"elementor-widget-wrap elementor-element-populated\">\n\t\t\t\t\t\t<div class=\"elementor-element elementor-element-cc33848 elementor-widget elementor-widget-image\" data-id=\"cc33848\" data-element_type=\"widget\" data-e-type=\"widget\" data-widget_type=\"image.default\">\n\t\t\t\t<div class=\"elementor-widget-container\">\n\t\t\t\t\t\t\t\t\t\t\t\t\t\t\t<img loading=\"lazy\" decoding=\"async\" width=\"200\" height=\"200\" src=\"https:\/\/pinturasmagdaleno.es\/pintores-sierra-madrid\/wp-content\/uploads\/2018\/02\/pintura-lisa-acabado-pared.jpg\" class=\"attachment-full size-full wp-image-596\" alt=\"pintor liso Madrid\" srcset=\"https:\/\/pinturasmagdaleno.es\/pintores-sierra-madrid\/wp-content\/uploads\/2018\/02\/pintura-lisa-acabado-pared.jpg 200w, https:\/\/pinturasmagdaleno.es\/pintores-sierra-madrid\/wp-content\/uploads\/2018\/02\/pintura-lisa-acabado-pared-100x100.jpg 100w, https:\/\/pinturasmagdaleno.es\/pintores-sierra-madrid\/wp-content\/uploads\/2018\/02\/pintura-lisa-acabado-pared-80x80.jpg 80w\" sizes=\"(max-width: 200px) 100vw, 200px\" \/>\t\t\t\t\t\t\t\t\t\t\t\t\t\t\t<\/div>\n\t\t\t\t<\/div>\n\t\t\t\t\t<\/div>\n\t\t<\/div>\n\t\t\t\t<div class=\"elementor-column elementor-col-25 elementor-top-column elementor-element elementor-element-5aacbbe\" data-id=\"5aacbbe\" data-element_type=\"column\" data-e-type=\"column\">\n\t\t\t<div class=\"elementor-widget-wrap elementor-element-populated\">\n\t\t\t\t\t\t<div class=\"elementor-element elementor-element-610ca1c elementor-widget elementor-widget-image\" data-id=\"610ca1c\" data-element_type=\"widget\" data-e-type=\"widget\" data-widget_type=\"image.default\">\n\t\t\t\t<div class=\"elementor-widget-container\">\n\t\t\t\t\t\t\t\t\t\t\t\t\t\t\t<img loading=\"lazy\" decoding=\"async\" width=\"200\" height=\"200\" src=\"https:\/\/pinturasmagdaleno.es\/pintores-sierra-madrid\/wp-content\/uploads\/2018\/02\/papel-pintado-pintores-madrid.jpg\" class=\"attachment-full size-full wp-image-602\" alt=\"pintor gotele Madrid\" srcset=\"https:\/\/pinturasmagdaleno.es\/pintores-sierra-madrid\/wp-content\/uploads\/2018\/02\/papel-pintado-pintores-madrid.jpg 200w, https:\/\/pinturasmagdaleno.es\/pintores-sierra-madrid\/wp-content\/uploads\/2018\/02\/papel-pintado-pintores-madrid-100x100.jpg 100w, https:\/\/pinturasmagdaleno.es\/pintores-sierra-madrid\/wp-content\/uploads\/2018\/02\/papel-pintado-pintores-madrid-80x80.jpg 80w\" sizes=\"(max-width: 200px) 100vw, 200px\" \/>\t\t\t\t\t\t\t\t\t\t\t\t\t\t\t<\/div>\n\t\t\t\t<\/div>\n\t\t\t\t\t<\/div>\n\t\t<\/div>\n\t\t\t\t<div class=\"elementor-column elementor-col-25 elementor-top-column elementor-element elementor-element-7bf672d\" data-id=\"7bf672d\" data-element_type=\"column\" data-e-type=\"column\">\n\t\t\t<div class=\"elementor-widget-wrap elementor-element-populated\">\n\t\t\t\t\t\t<div class=\"elementor-element elementor-element-db64fc8 elementor-widget elementor-widget-image\" data-id=\"db64fc8\" data-element_type=\"widget\" data-e-type=\"widget\" data-widget_type=\"image.default\">\n\t\t\t\t<div class=\"elementor-widget-container\">\n\t\t\t\t\t\t\t\t\t\t\t\t\t\t\t<img loading=\"lazy\" decoding=\"async\" width=\"200\" height=\"200\" src=\"https:\/\/pinturasmagdaleno.es\/pintores-sierra-madrid\/wp-content\/uploads\/2018\/02\/gotele-acabado-pared-madrid.jpg\" class=\"attachment-full size-full wp-image-601\" alt=\"Gotele gota Madrid\" srcset=\"https:\/\/pinturasmagdaleno.es\/pintores-sierra-madrid\/wp-content\/uploads\/2018\/02\/gotele-acabado-pared-madrid.jpg 200w, https:\/\/pinturasmagdaleno.es\/pintores-sierra-madrid\/wp-content\/uploads\/2018\/02\/gotele-acabado-pared-madrid-100x100.jpg 100w, https:\/\/pinturasmagdaleno.es\/pintores-sierra-madrid\/wp-content\/uploads\/2018\/02\/gotele-acabado-pared-madrid-80x80.jpg 80w\" sizes=\"(max-width: 200px) 100vw, 200px\" \/>\t\t\t\t\t\t\t\t\t\t\t\t\t\t\t<\/div>\n\t\t\t\t<\/div>\n\t\t\t\t\t<\/div>\n\t\t<\/div>\n\t\t\t\t\t<\/div>\n\t\t<\/section>\n\t\t\t\t<\/div>\n\t\t","protected":false},"excerpt":{"rendered":"<p>Atendemos tanto a Particulares, Comunidades de Propietarios y constructoras. Empleamos t\u00e9cnicas modernas que agilizan los trabajos y permiten acabados perfectos. En gota (tambi\u00e9n se realizan alisados), en estuco, en liso, tierras florentinas, osaca, esmaltado de [&hellip;]<\/p>\n","protected":false},"author":1,"featured_media":0,"parent":0,"menu_order":0,"comment_status":"closed","ping_status":"closed","template":"","meta":{"footnotes":""},"class_list":["post-558","page","type-page","status-publish","hentry"],"yoast_head":"<!-- This site is optimized with the Yoast SEO plugin v27.5 - https:\/\/yoast.com\/product\/yoast-seo-wordpress\/ -->\n<title>\u25ba Pintores sierra de Madrid \u260e 609 096 288 \u2705 Pintor profesional Madrid<\/title>\n<meta name=\"description\" content=\"Pintores Madrid Sierra Norte Sur Este. Pintor en la sierra madrile\u00f1a. Nuestra filosof\u00eda consiste en una relaci\u00f3n cercana con el cliente, en la que por encima de todo predominaran sus intereses. Atendemos tanto a Particulares, Comunidades de Propietarios y constructoras. Pintores con t\u00e9cnicas modernas agilizan trabajos.\" \/>\n<meta name=\"robots\" content=\"index, follow, max-snippet:-1, max-image-preview:large, max-video-preview:-1\" \/>\n<link rel=\"canonical\" href=\"https:\/\/pinturasmagdaleno.es\/pintores-sierra-madrid\/servicios\/\" \/>\n<meta property=\"og:locale\" content=\"es_ES\" \/>\n<meta property=\"og:type\" content=\"article\" \/>\n<meta property=\"og:title\" content=\"\u25ba Pintores sierra de Madrid \u260e 609 096 288 \u2705 Pintor profesional Madrid\" \/>\n<meta property=\"og:description\" content=\"Pintores Madrid Sierra Norte Sur Este. Pintor en la sierra madrile\u00f1a. Nuestra filosof\u00eda consiste en una relaci\u00f3n cercana con el cliente, en la que por encima de todo predominaran sus intereses. Atendemos tanto a Particulares, Comunidades de Propietarios y constructoras. Pintores con t\u00e9cnicas modernas agilizan trabajos.\" \/>\n<meta property=\"og:url\" content=\"https:\/\/pinturasmagdaleno.es\/pintores-sierra-madrid\/servicios\/\" \/>\n<meta property=\"og:site_name\" content=\"Pinturas Magdaleno\" \/>\n<meta property=\"article:publisher\" content=\"https:\/\/www.facebook.com\/manuel.magdaleno.12327\" \/>\n<meta property=\"article:modified_time\" content=\"2018-05-25T08:56:23+00:00\" \/>\n<meta property=\"og:image\" content=\"https:\/\/pinturasmagdaleno.es\/pintores-sierra-madrid\/wp-content\/uploads\/2018\/02\/pintura-pintores-madrid-magdaleno.jpg\" \/>\n<meta name=\"twitter:card\" content=\"summary_large_image\" \/>\n<script type=\"application\/ld+json\" class=\"yoast-schema-graph\">{\"@context\":\"https:\\\/\\\/schema.org\",\"@graph\":[{\"@type\":\"WebPage\",\"@id\":\"https:\\\/\\\/pinturasmagdaleno.es\\\/pintores-sierra-madrid\\\/servicios\\\/\",\"url\":\"https:\\\/\\\/pinturasmagdaleno.es\\\/pintores-sierra-madrid\\\/servicios\\\/\",\"name\":\"\u25ba Pintores sierra de Madrid \u260e 609 096 288 \u2705 Pintor profesional Madrid\",\"isPartOf\":{\"@id\":\"https:\\\/\\\/pinturasmagdaleno.es\\\/pintores-sierra-madrid\\\/#website\"},\"primaryImageOfPage\":{\"@id\":\"https:\\\/\\\/pinturasmagdaleno.es\\\/pintores-sierra-madrid\\\/servicios\\\/#primaryimage\"},\"image\":{\"@id\":\"https:\\\/\\\/pinturasmagdaleno.es\\\/pintores-sierra-madrid\\\/servicios\\\/#primaryimage\"},\"thumbnailUrl\":\"https:\\\/\\\/pinturasmagdaleno.es\\\/pintores-sierra-madrid\\\/wp-content\\\/uploads\\\/2018\\\/02\\\/pintura-pintores-madrid-magdaleno.jpg\",\"datePublished\":\"2018-02-08T09:09:57+00:00\",\"dateModified\":\"2018-05-25T08:56:23+00:00\",\"description\":\"Pintores Madrid Sierra Norte Sur Este. Pintor en la sierra madrile\u00f1a. Nuestra filosof\u00eda consiste en una relaci\u00f3n cercana con el cliente, en la que por encima de todo predominaran sus intereses. Atendemos tanto a Particulares, Comunidades de Propietarios y constructoras. Pintores con t\u00e9cnicas modernas agilizan trabajos.\",\"breadcrumb\":{\"@id\":\"https:\\\/\\\/pinturasmagdaleno.es\\\/pintores-sierra-madrid\\\/servicios\\\/#breadcrumb\"},\"inLanguage\":\"es\",\"potentialAction\":[{\"@type\":\"ReadAction\",\"target\":[\"https:\\\/\\\/pinturasmagdaleno.es\\\/pintores-sierra-madrid\\\/servicios\\\/\"]}]},{\"@type\":\"ImageObject\",\"inLanguage\":\"es\",\"@id\":\"https:\\\/\\\/pinturasmagdaleno.es\\\/pintores-sierra-madrid\\\/servicios\\\/#primaryimage\",\"url\":\"https:\\\/\\\/pinturasmagdaleno.es\\\/pintores-sierra-madrid\\\/wp-content\\\/uploads\\\/2018\\\/02\\\/pintura-pintores-madrid-magdaleno.jpg\",\"contentUrl\":\"https:\\\/\\\/pinturasmagdaleno.es\\\/pintores-sierra-madrid\\\/wp-content\\\/uploads\\\/2018\\\/02\\\/pintura-pintores-madrid-magdaleno.jpg\",\"width\":200,\"height\":200,\"caption\":\"pintor calidad Madrid\"},{\"@type\":\"BreadcrumbList\",\"@id\":\"https:\\\/\\\/pinturasmagdaleno.es\\\/pintores-sierra-madrid\\\/servicios\\\/#breadcrumb\",\"itemListElement\":[{\"@type\":\"ListItem\",\"position\":1,\"name\":\"Portada\",\"item\":\"https:\\\/\\\/pinturasmagdaleno.es\\\/pintores-sierra-madrid\\\/\"},{\"@type\":\"ListItem\",\"position\":2,\"name\":\"Servicios\"}]},{\"@type\":\"WebSite\",\"@id\":\"https:\\\/\\\/pinturasmagdaleno.es\\\/pintores-sierra-madrid\\\/#website\",\"url\":\"https:\\\/\\\/pinturasmagdaleno.es\\\/pintores-sierra-madrid\\\/\",\"name\":\"Pinturas Magdaleno\",\"description\":\"Pintores sierra de Madrid\",\"publisher\":{\"@id\":\"https:\\\/\\\/pinturasmagdaleno.es\\\/pintores-sierra-madrid\\\/#organization\"},\"potentialAction\":[{\"@type\":\"SearchAction\",\"target\":{\"@type\":\"EntryPoint\",\"urlTemplate\":\"https:\\\/\\\/pinturasmagdaleno.es\\\/pintores-sierra-madrid\\\/?s={search_term_string}\"},\"query-input\":{\"@type\":\"PropertyValueSpecification\",\"valueRequired\":true,\"valueName\":\"search_term_string\"}}],\"inLanguage\":\"es\"},{\"@type\":\"Organization\",\"@id\":\"https:\\\/\\\/pinturasmagdaleno.es\\\/pintores-sierra-madrid\\\/#organization\",\"name\":\"Pinturas Madrid Sierra Norte Este Oeste\",\"url\":\"https:\\\/\\\/pinturasmagdaleno.es\\\/pintores-sierra-madrid\\\/\",\"logo\":{\"@type\":\"ImageObject\",\"inLanguage\":\"es\",\"@id\":\"https:\\\/\\\/pinturasmagdaleno.es\\\/pintores-sierra-madrid\\\/#\\\/schema\\\/logo\\\/image\\\/\",\"url\":\"https:\\\/\\\/pinturasmagdaleno.es\\\/pintores-sierra-madrid\\\/wp-content\\\/uploads\\\/2018\\\/02\\\/pinturas-magdaleno-madrid.png\",\"contentUrl\":\"https:\\\/\\\/pinturasmagdaleno.es\\\/pintores-sierra-madrid\\\/wp-content\\\/uploads\\\/2018\\\/02\\\/pinturas-magdaleno-madrid.png\",\"width\":190,\"height\":57,\"caption\":\"Pinturas Madrid Sierra Norte Este Oeste\"},\"image\":{\"@id\":\"https:\\\/\\\/pinturasmagdaleno.es\\\/pintores-sierra-madrid\\\/#\\\/schema\\\/logo\\\/image\\\/\"},\"sameAs\":[\"https:\\\/\\\/www.facebook.com\\\/manuel.magdaleno.12327\",\"https:\\\/\\\/www.instagram.com\\\/pinturasmagdaleno\\\/\"]}]}<\/script>\n<!-- \/ Yoast SEO plugin. -->","yoast_head_json":{"title":"\u25ba Pintores sierra de Madrid \u260e 609 096 288 \u2705 Pintor profesional Madrid","description":"Pintores Madrid Sierra Norte Sur Este. Pintor en la sierra madrile\u00f1a. Nuestra filosof\u00eda consiste en una relaci\u00f3n cercana con el cliente, en la que por encima de todo predominaran sus intereses. Atendemos tanto a Particulares, Comunidades de Propietarios y constructoras. Pintores con t\u00e9cnicas modernas agilizan trabajos.","robots":{"index":"index","follow":"follow","max-snippet":"max-snippet:-1","max-image-preview":"max-image-preview:large","max-video-preview":"max-video-preview:-1"},"canonical":"https:\/\/pinturasmagdaleno.es\/pintores-sierra-madrid\/servicios\/","og_locale":"es_ES","og_type":"article","og_title":"\u25ba Pintores sierra de Madrid \u260e 609 096 288 \u2705 Pintor profesional Madrid","og_description":"Pintores Madrid Sierra Norte Sur Este. Pintor en la sierra madrile\u00f1a. Nuestra filosof\u00eda consiste en una relaci\u00f3n cercana con el cliente, en la que por encima de todo predominaran sus intereses. Atendemos tanto a Particulares, Comunidades de Propietarios y constructoras. Pintores con t\u00e9cnicas modernas agilizan trabajos.","og_url":"https:\/\/pinturasmagdaleno.es\/pintores-sierra-madrid\/servicios\/","og_site_name":"Pinturas Magdaleno","article_publisher":"https:\/\/www.facebook.com\/manuel.magdaleno.12327","article_modified_time":"2018-05-25T08:56:23+00:00","og_image":[{"url":"https:\/\/pinturasmagdaleno.es\/pintores-sierra-madrid\/wp-content\/uploads\/2018\/02\/pintura-pintores-madrid-magdaleno.jpg","type":"","width":"","height":""}],"twitter_card":"summary_large_image","schema":{"@context":"https:\/\/schema.org","@graph":[{"@type":"WebPage","@id":"https:\/\/pinturasmagdaleno.es\/pintores-sierra-madrid\/servicios\/","url":"https:\/\/pinturasmagdaleno.es\/pintores-sierra-madrid\/servicios\/","name":"\u25ba Pintores sierra de Madrid \u260e 609 096 288 \u2705 Pintor profesional Madrid","isPartOf":{"@id":"https:\/\/pinturasmagdaleno.es\/pintores-sierra-madrid\/#website"},"primaryImageOfPage":{"@id":"https:\/\/pinturasmagdaleno.es\/pintores-sierra-madrid\/servicios\/#primaryimage"},"image":{"@id":"https:\/\/pinturasmagdaleno.es\/pintores-sierra-madrid\/servicios\/#primaryimage"},"thumbnailUrl":"https:\/\/pinturasmagdaleno.es\/pintores-sierra-madrid\/wp-content\/uploads\/2018\/02\/pintura-pintores-madrid-magdaleno.jpg","datePublished":"2018-02-08T09:09:57+00:00","dateModified":"2018-05-25T08:56:23+00:00","description":"Pintores Madrid Sierra Norte Sur Este. Pintor en la sierra madrile\u00f1a. Nuestra filosof\u00eda consiste en una relaci\u00f3n cercana con el cliente, en la que por encima de todo predominaran sus intereses. Atendemos tanto a Particulares, Comunidades de Propietarios y constructoras. Pintores con t\u00e9cnicas modernas agilizan trabajos.","breadcrumb":{"@id":"https:\/\/pinturasmagdaleno.es\/pintores-sierra-madrid\/servicios\/#breadcrumb"},"inLanguage":"es","potentialAction":[{"@type":"ReadAction","target":["https:\/\/pinturasmagdaleno.es\/pintores-sierra-madrid\/servicios\/"]}]},{"@type":"ImageObject","inLanguage":"es","@id":"https:\/\/pinturasmagdaleno.es\/pintores-sierra-madrid\/servicios\/#primaryimage","url":"https:\/\/pinturasmagdaleno.es\/pintores-sierra-madrid\/wp-content\/uploads\/2018\/02\/pintura-pintores-madrid-magdaleno.jpg","contentUrl":"https:\/\/pinturasmagdaleno.es\/pintores-sierra-madrid\/wp-content\/uploads\/2018\/02\/pintura-pintores-madrid-magdaleno.jpg","width":200,"height":200,"caption":"pintor calidad Madrid"},{"@type":"BreadcrumbList","@id":"https:\/\/pinturasmagdaleno.es\/pintores-sierra-madrid\/servicios\/#breadcrumb","itemListElement":[{"@type":"ListItem","position":1,"name":"Portada","item":"https:\/\/pinturasmagdaleno.es\/pintores-sierra-madrid\/"},{"@type":"ListItem","position":2,"name":"Servicios"}]},{"@type":"WebSite","@id":"https:\/\/pinturasmagdaleno.es\/pintores-sierra-madrid\/#website","url":"https:\/\/pinturasmagdaleno.es\/pintores-sierra-madrid\/","name":"Pinturas Magdaleno","description":"Pintores sierra de Madrid","publisher":{"@id":"https:\/\/pinturasmagdaleno.es\/pintores-sierra-madrid\/#organization"},"potentialAction":[{"@type":"SearchAction","target":{"@type":"EntryPoint","urlTemplate":"https:\/\/pinturasmagdaleno.es\/pintores-sierra-madrid\/?s={search_term_string}"},"query-input":{"@type":"PropertyValueSpecification","valueRequired":true,"valueName":"search_term_string"}}],"inLanguage":"es"},{"@type":"Organization","@id":"https:\/\/pinturasmagdaleno.es\/pintores-sierra-madrid\/#organization","name":"Pinturas Madrid Sierra Norte Este Oeste","url":"https:\/\/pinturasmagdaleno.es\/pintores-sierra-madrid\/","logo":{"@type":"ImageObject","inLanguage":"es","@id":"https:\/\/pinturasmagdaleno.es\/pintores-sierra-madrid\/#\/schema\/logo\/image\/","url":"https:\/\/pinturasmagdaleno.es\/pintores-sierra-madrid\/wp-content\/uploads\/2018\/02\/pinturas-magdaleno-madrid.png","contentUrl":"https:\/\/pinturasmagdaleno.es\/pintores-sierra-madrid\/wp-content\/uploads\/2018\/02\/pinturas-magdaleno-madrid.png","width":190,"height":57,"caption":"Pinturas Madrid Sierra Norte Este Oeste"},"image":{"@id":"https:\/\/pinturasmagdaleno.es\/pintores-sierra-madrid\/#\/schema\/logo\/image\/"},"sameAs":["https:\/\/www.facebook.com\/manuel.magdaleno.12327","https:\/\/www.instagram.com\/pinturasmagdaleno\/"]}]}},"_links":{"self":[{"href":"https:\/\/pinturasmagdaleno.es\/pintores-sierra-madrid\/wp-json\/wp\/v2\/pages\/558","targetHints":{"allow":["GET"]}}],"collection":[{"href":"https:\/\/pinturasmagdaleno.es\/pintores-sierra-madrid\/wp-json\/wp\/v2\/pages"}],"about":[{"href":"https:\/\/pinturasmagdaleno.es\/pintores-sierra-madrid\/wp-json\/wp\/v2\/types\/page"}],"author":[{"embeddable":true,"href":"https:\/\/pinturasmagdaleno.es\/pintores-sierra-madrid\/wp-json\/wp\/v2\/users\/1"}],"replies":[{"embeddable":true,"href":"https:\/\/pinturasmagdaleno.es\/pintores-sierra-madrid\/wp-json\/wp\/v2\/comments?post=558"}],"version-history":[{"count":1,"href":"https:\/\/pinturasmagdaleno.es\/pintores-sierra-madrid\/wp-json\/wp\/v2\/pages\/558\/revisions"}],"predecessor-version":[{"id":711,"href":"https:\/\/pinturasmagdaleno.es\/pintores-sierra-madrid\/wp-json\/wp\/v2\/pages\/558\/revisions\/711"}],"wp:attachment":[{"href":"https:\/\/pinturasmagdaleno.es\/pintores-sierra-madrid\/wp-json\/wp\/v2\/media?parent=558"}],"curies":[{"name":"wp","href":"https:\/\/api.w.org\/{rel}","templated":true}]}}